{"id":37,"date":"2026-01-27T14:22:58","date_gmt":"2026-01-27T14:22:58","guid":{"rendered":"http:\/\/xn--popy-21an.pl\/index.php\/about-us\/"},"modified":"2026-02-27T17:16:02","modified_gmt":"2026-02-27T17:16:02","slug":"o-nas","status":"publish","type":"page","link":"https:\/\/xn--popy-21an.pl\/index.php\/o-nas\/","title":{"rendered":"O nas"},"content":{"rendered":"\t\t<div data-elementor-type=\"wp-page\" data-elementor-id=\"37\" class=\"elementor elementor-37\">\n\t\t\t\t<div class=\"elementor-element elementor-element-19ef1803 e-con-full e-flex e-con e-parent\" data-id=\"19ef1803\" data-element_type=\"container\" data-e-type=\"container\">\n\t\t<div class=\"elementor-element elementor-element-1324e3b6 e-con-full e-flex e-con e-child\" data-id=\"1324e3b6\" data-element_type=\"container\" data-e-type=\"container\">\n\t\t<div class=\"elementor-element elementor-element-1cadb05f e-con-full e-flex e-con e-child\" data-id=\"1cadb05f\" data-element_type=\"container\" data-e-type=\"container\">\n\t\t\t\t<div class=\"elementor-element elementor-element-30fbb45e elementor-widget elementor-widget-heading\" data-id=\"30fbb45e\" data-element_type=\"widget\" data-e-type=\"widget\" data-widget_type=\"heading.default\">\n\t\t\t\t\t<h1 class=\"elementor-heading-title elementor-size-default\">Pasja do wody, wina i designu!<\/h1>\t\t\t\t<\/div>\n\t\t\t\t<div class=\"elementor-element elementor-element-1a58cb49 elementor-widget__width-initial elementor-invisible elementor-widget elementor-widget-text-editor\" data-id=\"1a58cb49\" data-element_type=\"widget\" data-e-type=\"widget\" data-settings=\"{&quot;_animation&quot;:&quot;fadeInDown&quot;}\" data-widget_type=\"text-editor.default\">\n\t\t\t\t\t\t\t\t\t<p>Odkryj z nami histori\u0119 winiarstwa bez zad\u0119cia. Kameralne spotkania z ekspertami, podczas kt\u00f3rych teoria p\u0142ynnie przechodzi w niezapomniane prze\u017cycie.<\/p>\t\t\t\t\t\t\t\t<\/div>\n\t\t\t\t<\/div>\n\t\t\t\t<div class=\"elementor-element elementor-element-1ceac7c0 elementor-invisible elementor-widget elementor-widget-heading\" data-id=\"1ceac7c0\" data-element_type=\"widget\" data-e-type=\"widget\" data-settings=\"{&quot;_animation&quot;:&quot;fadeInUp&quot;}\" data-widget_type=\"heading.default\">\n\t\t\t\t\t<span class=\"elementor-heading-title elementor-size-default\">pop\u0142y\u0144<\/span>\t\t\t\t<\/div>\n\t\t\t\t<\/div>\n\t\t<div class=\"elementor-element elementor-element-3d423c1b e-con-full e-flex e-con e-child\" data-id=\"3d423c1b\" data-element_type=\"container\" data-e-type=\"container\" data-settings=\"{&quot;background_background&quot;:&quot;classic&quot;}\">\n\t\t\t\t<\/div>\n\t\t\t\t<\/div>\n\t\t<div class=\"elementor-element elementor-element-46b5651b e-con-full e-flex e-con e-parent\" data-id=\"46b5651b\" data-element_type=\"container\" data-e-type=\"container\" data-settings=\"{&quot;background_background&quot;:&quot;classic&quot;}\">\n\t\t<div class=\"elementor-element elementor-element-60f665f1 e-con-full e-flex e-con e-child\" data-id=\"60f665f1\" data-element_type=\"container\" data-e-type=\"container\">\n\t\t\t\t<div class=\"elementor-element elementor-element-1395ee38 elementor-position-left elementor-vertical-align-middle elementor-widget elementor-widget-image-box\" data-id=\"1395ee38\" data-element_type=\"widget\" data-e-type=\"widget\" data-widget_type=\"image-box.default\">\n\t\t\t\t\t<div class=\"elementor-image-box-wrapper\"><figure class=\"elementor-image-box-img\"><img decoding=\"async\" width=\"207\" height=\"185\" src=\"https:\/\/xn--popy-21an.pl\/wp-content\/uploads\/2026\/01\/AboutPage-Testimonials_1.jpg\" class=\"attachment-full size-full wp-image-44\" alt=\"\" \/><\/figure><div class=\"elementor-image-box-content\"><p class=\"elementor-image-box-title\">\"Pop\u0142y\u0144\" to projekt stworzony przez prawdziwych zajawkowicz\u00f3w - polecam!<\/p><p class=\"elementor-image-box-description\">Marek<\/p><\/div><\/div>\t\t\t\t<\/div>\n\t\t\t\t<div class=\"elementor-element elementor-element-6ca5f40c elementor-position-left elementor-vertical-align-middle elementor-widget elementor-widget-image-box\" data-id=\"6ca5f40c\" data-element_type=\"widget\" data-e-type=\"widget\" data-widget_type=\"image-box.default\">\n\t\t\t\t\t<div class=\"elementor-image-box-wrapper\"><figure class=\"elementor-image-box-img\"><img decoding=\"async\" width=\"207\" height=\"185\" src=\"https:\/\/xn--popy-21an.pl\/wp-content\/uploads\/2026\/01\/AboutPage-Testimonials_2.jpg\" class=\"attachment-full size-full wp-image-45\" alt=\"\" \/><\/figure><div class=\"elementor-image-box-content\"><p class=\"elementor-image-box-title\">Pi\u0119kna \u0142\u00f3d\u017a i doskona\u0142a selekcja win, polecam ka\u017cdemu<\/p><p class=\"elementor-image-box-description\">Zuza<\/p><\/div><\/div>\t\t\t\t<\/div>\n\t\t\t\t<\/div>\n\t\t\t\t<div class=\"elementor-element elementor-element-2e2a5b04 elementor-invisible elementor-widget elementor-widget-heading\" data-id=\"2e2a5b04\" data-element_type=\"widget\" data-e-type=\"widget\" data-settings=\"{&quot;_animation&quot;:&quot;fadeInUp&quot;}\" data-widget_type=\"heading.default\">\n\t\t\t\t\t<span class=\"elementor-heading-title elementor-size-default\">#pop\u0142y\u0144<\/span>\t\t\t\t<\/div>\n\t\t\t\t<\/div>\n\t\t\t\t<\/div>\n\t\t","protected":false},"excerpt":{"rendered":"<p>Pasja do wody, wina i designu! Odkryj z nami histori\u0119 winiarstwa bez zad\u0119cia. Kameralne spotkania z ekspertami, podczas kt\u00f3rych teoria p\u0142ynnie przechodzi w niezapomniane prze\u017cycie. pop\u0142y\u0144 &#8222;Pop\u0142y\u0144&#8221; to projekt stworzony przez prawdziwych zajawkowicz\u00f3w &#8211; polecam! Marek Pi\u0119kna \u0142\u00f3d\u017a i doskona\u0142a selekcja win, polecam ka\u017cdemu Zuza #pop\u0142y\u0144<\/p>\n","protected":false},"author":1,"featured_media":48,"parent":0,"menu_order":0,"comment_status":"closed","ping_status":"closed","template":"elementor_header_footer","meta":{"footnotes":""},"class_list":["post-37","page","type-page","status-publish","has-post-thumbnail","hentry"],"_links":{"self":[{"href":"https:\/\/xn--popy-21an.pl\/index.php\/wp-json\/wp\/v2\/pages\/37","targetHints":{"allow":["GET"]}}],"collection":[{"href":"https:\/\/xn--popy-21an.pl\/index.php\/wp-json\/wp\/v2\/pages"}],"about":[{"href":"https:\/\/xn--popy-21an.pl\/index.php\/wp-json\/wp\/v2\/types\/page"}],"author":[{"embeddable":true,"href":"https:\/\/xn--popy-21an.pl\/index.php\/wp-json\/wp\/v2\/users\/1"}],"replies":[{"embeddable":true,"href":"https:\/\/xn--popy-21an.pl\/index.php\/wp-json\/wp\/v2\/comments?post=37"}],"version-history":[{"count":8,"href":"https:\/\/xn--popy-21an.pl\/index.php\/wp-json\/wp\/v2\/pages\/37\/revisions"}],"predecessor-version":[{"id":136,"href":"https:\/\/xn--popy-21an.pl\/index.php\/wp-json\/wp\/v2\/pages\/37\/revisions\/136"}],"wp:featuredmedia":[{"embeddable":true,"href":"https:\/\/xn--popy-21an.pl\/index.php\/wp-json\/wp\/v2\/media\/48"}],"wp:attachment":[{"href":"https:\/\/xn--popy-21an.pl\/index.php\/wp-json\/wp\/v2\/media?parent=37"}],"curies":[{"name":"wp","href":"https:\/\/api.w.org\/{rel}","templated":true}]}}