{"id":2,"date":"2026-01-27T15:01:47","date_gmt":"2026-01-27T15:01:47","guid":{"rendered":"http:\/\/xn--popy-21an.pl\/?page_id=2"},"modified":"2026-02-27T17:02:36","modified_gmt":"2026-02-27T17:02:36","slug":"kpo","status":"publish","type":"page","link":"https:\/\/xn--popy-21an.pl\/index.php\/kpo\/","title":{"rendered":"KPO"},"content":{"rendered":"\t\t<div data-elementor-type=\"wp-page\" data-elementor-id=\"2\" class=\"elementor elementor-2\">\n\t\t\t\t<div class=\"elementor-element elementor-element-3db4a0c e-flex e-con-boxed e-con e-parent\" data-id=\"3db4a0c\" data-element_type=\"container\" data-e-type=\"container\">\n\t\t\t\t\t<div class=\"e-con-inner\">\n\t\t\t\t<div class=\"elementor-element elementor-element-1eeb9f0e elementor-widget elementor-widget-text-editor\" data-id=\"1eeb9f0e\" data-element_type=\"widget\" data-e-type=\"widget\" data-widget_type=\"text-editor.default\">\n\t\t\t\t\t\t\t\t\t<p dir=\"ltr\" style=\"line-height: 1.38; text-align: justify; margin-top: 12pt; margin-bottom: 12pt;\"><span style=\"font-size: 11pt; font-family: Arial,sans-serif; color: #000000; background-color: transparent; font-weight: 400; font-style: normal; font-variant: normal; text-decoration: none; vertical-align: baseline; white-space: pre-wrap;\">Firma FALLA SP\u00d3\u0141KA Z OGRANICZON\u0104 ODPOWIEDZIALNO\u015aCI\u0104 realizuje przedsi\u0119wzi\u0119cie nr KPOD.01.03-IW.01-B919\/24 pt. <\/span><span style=\"font-size: 11pt; font-family: Arial,sans-serif; color: #000000; background-color: transparent; font-weight: bold; font-style: normal; font-variant: normal; text-decoration: none; vertical-align: baseline; white-space: pre-wrap;\">\u201eOrganizacja spotka\u0144 integracyjnych z zakresu winiarstwa w formie rejs\u00f3w winiarskich po rzece Warcie pt. \u201eWielkopolska p\u0119tla\u201d w regionie nr 5\u201d<\/span><span style=\"font-size: 11pt; font-family: Arial,sans-serif; color: #000000; background-color: transparent; font-weight: 400; font-style: normal; font-variant: normal; text-decoration: none; vertical-align: baseline; white-space: pre-wrap;\"> w ramach inwestycji A1.2.1 Inwestycje dla przedsi\u0119biorstw w produkty, us\u0142ugi i kompetencje pracownik\u00f3w oraz kadry zwi\u0105zane z dywersyfikacj\u0105 dzia\u0142alno\u015bci w ramach Krajowego Planu Odbudowy i Zwi\u0119kszania Odporno\u015bci (planu rozwojowego).<\/span><\/p>\n<p dir=\"ltr\" style=\"line-height: 1.38; text-align: justify; margin-top: 12pt; margin-bottom: 12pt;\"><span style=\"font-size: 11pt; font-family: Arial,sans-serif; color: #000000; background-color: transparent; font-weight: bold; font-style: normal; font-variant: normal; text-decoration: none; vertical-align: baseline; white-space: pre-wrap;\">Cel projektu:<\/span><span style=\"font-size: 11pt; font-family: Arial,sans-serif; color: #000000; background-color: transparent; font-weight: 400; font-style: normal; font-variant: normal; text-decoration: none; vertical-align: baseline; white-space: pre-wrap;\"> Celem przedsi\u0119wzi\u0119cia jest dywersyfikacja dzia\u0142alno\u015bci firmy poprzez wprowadzenie innowacyjnej us\u0142ugi \u2013 organizacji spotka\u0144 integracyjnych z zakresu winiarstwa realizowanych podczas rejs\u00f3w \u0142odzi\u0105 motorow\u0105 po rzece Warcie. Inwestycja ma na celu wsparcie lokalnej turystyki, promocj\u0119 regionalnego winiarstwa oraz zwi\u0119kszenie odporno\u015bci przedsi\u0119biorstwa na przysz\u0142e kryzysy gospodarcze.<\/span><\/p>\n<p dir=\"ltr\" style=\"line-height: 1.38; text-align: justify; margin-top: 12pt; margin-bottom: 12pt;\"><span style=\"font-size: 11pt; font-family: Arial,sans-serif; color: #000000; background-color: transparent; font-weight: bold; font-style: normal; font-variant: normal; text-decoration: none; vertical-align: baseline; white-space: pre-wrap;\">Grupa docelowa projektu:<\/span><span style=\"font-size: 11pt; font-family: Arial,sans-serif; color: #000000; background-color: transparent; font-weight: 400; font-style: normal; font-variant: normal; text-decoration: none; vertical-align: baseline; white-space: pre-wrap;\"> Grup\u0105 docelow\u0105 projektu s\u0105 klienci indywidualni oraz grupy biznesowe poszukuj\u0105ce unikalnych form integracji w otoczeniu natury, a tak\u017ce tury\u015bci krajowi i zagraniczni odwiedzaj\u0105cy region Wielkopolski.<\/span><\/p>\n<p dir=\"ltr\" style=\"line-height: 1.38; text-align: justify; margin-top: 12pt; margin-bottom: 12pt;\"><span style=\"font-size: 11pt; font-family: Arial,sans-serif; color: #000000; background-color: transparent; font-weight: bold; font-style: normal; font-variant: normal; text-decoration: none; vertical-align: baseline; white-space: pre-wrap;\">Efekty\/rezultaty projektu:<\/span><span style=\"font-size: 11pt; font-family: Arial,sans-serif; color: #000000; background-color: transparent; font-weight: 400; font-style: normal; font-variant: normal; text-decoration: none; vertical-align: baseline; white-space: pre-wrap;\"> Projekt pozwoli na wprowadzenie nowej, ekologicznej us\u0142ugi rejs\u00f3w winiarskich \u201eWielkopolska p\u0119tla\u201d. W ramach inwestycji nabyto nowoczesn\u0105 \u0142\u00f3d\u017a motorow\u0105 z nap\u0119dem elektrycznym, specjalistyczny sprz\u0119t do obs\u0142ugi degustacji oraz system do zarz\u0105dzania operacjami gastronomicznymi. Rezultatem projektu jest rozszerzenie oferty, optymalizacja zarz\u0105dzania zasobami oraz wzmocnienie pozycji rynkowej firmy jako innowatora w bran\u017cy HoReCa.<\/span><\/p>\n<p dir=\"ltr\" style=\"line-height: 1.38; text-align: justify; margin-top: 12pt; margin-bottom: 12pt;\"><span style=\"font-size: 11pt; font-family: Arial,sans-serif; color: #000000; background-color: transparent; font-weight: bold; font-style: normal; font-variant: normal; text-decoration: none; vertical-align: baseline; white-space: pre-wrap;\">Ca\u0142kowita warto\u015b\u0107 projektu:<\/span><span style=\"font-size: 11pt; font-family: Arial,sans-serif; color: #000000; background-color: transparent; font-weight: 400; font-style: normal; font-variant: normal; text-decoration: none; vertical-align: baseline; white-space: pre-wrap;\"> 549 595,32 PLN<\/span><\/p>\n<p dir=\"ltr\" style=\"line-height: 1.38; text-align: justify; margin-top: 12pt; margin-bottom: 12pt;\"><span style=\"font-size: 11pt; font-family: Arial,sans-serif; color: #000000; background-color: transparent; font-weight: bold; font-style: normal; font-variant: normal; text-decoration: none; vertical-align: baseline; white-space: pre-wrap;\">Dofinansowanie z UE:<\/span><span style=\"font-size: 11pt; font-family: Arial,sans-serif; color: #000000; background-color: transparent; font-weight: 400; font-style: normal; font-variant: normal; text-decoration: none; vertical-align: baseline; white-space: pre-wrap;\"> 402 142,91 PLN (90% koszt\u00f3w kwalifikowalnych)<\/span><\/p>\n<p>\u00a0<\/p>\n<p dir=\"ltr\" style=\"line-height: 1.38; text-align: justify; margin-top: 12pt; margin-bottom: 12pt;\"><span style=\"font-size: 11pt; font-family: Arial,sans-serif; color: #000000; background-color: transparent; font-weight: 400; font-style: normal; font-variant: normal; text-decoration: none; vertical-align: baseline; white-space: pre-wrap;\">#FunduszeEuropejskie #FunduszeUE #NextGenerationEU<\/span><\/p>\t\t\t\t\t\t\t\t<\/div>\n\t\t\t\t\t<\/div>\n\t\t\t\t<\/div>\n\t\t\t\t<\/div>\n\t\t","protected":false},"excerpt":{"rendered":"<p>Firma FALLA SP\u00d3\u0141KA Z OGRANICZON\u0104 ODPOWIEDZIALNO\u015aCI\u0104 realizuje przedsi\u0119wzi\u0119cie nr KPOD.01.03-IW.01-B919\/24 pt. \u201eOrganizacja spotka\u0144 integracyjnych z zakresu winiarstwa w formie rejs\u00f3w winiarskich po rzece Warcie pt. \u201eWielkopolska p\u0119tla\u201d w regionie nr 5\u201d w ramach inwestycji A1.2.1 Inwestycje dla przedsi\u0119biorstw w produkty, us\u0142ugi i kompetencje pracownik\u00f3w oraz kadry zwi\u0105zane z dywersyfikacj\u0105 dzia\u0142alno\u015bci w ramach Krajowego Planu Odbudowy [&hellip;]<\/p>\n","protected":false},"author":1,"featured_media":0,"parent":0,"menu_order":0,"comment_status":"closed","ping_status":"closed","template":"","meta":{"footnotes":""},"class_list":["post-2","page","type-page","status-publish","hentry"],"_links":{"self":[{"href":"https:\/\/xn--popy-21an.pl\/index.php\/wp-json\/wp\/v2\/pages\/2","targetHints":{"allow":["GET"]}}],"collection":[{"href":"https:\/\/xn--popy-21an.pl\/index.php\/wp-json\/wp\/v2\/pages"}],"about":[{"href":"https:\/\/xn--popy-21an.pl\/index.php\/wp-json\/wp\/v2\/types\/page"}],"author":[{"embeddable":true,"href":"https:\/\/xn--popy-21an.pl\/index.php\/wp-json\/wp\/v2\/users\/1"}],"replies":[{"embeddable":true,"href":"https:\/\/xn--popy-21an.pl\/index.php\/wp-json\/wp\/v2\/comments?post=2"}],"version-history":[{"count":7,"href":"https:\/\/xn--popy-21an.pl\/index.php\/wp-json\/wp\/v2\/pages\/2\/revisions"}],"predecessor-version":[{"id":117,"href":"https:\/\/xn--popy-21an.pl\/index.php\/wp-json\/wp\/v2\/pages\/2\/revisions\/117"}],"wp:attachment":[{"href":"https:\/\/xn--popy-21an.pl\/index.php\/wp-json\/wp\/v2\/media?parent=2"}],"curies":[{"name":"wp","href":"https:\/\/api.w.org\/{rel}","templated":true}]}}